{"id":20,"date":"2016-04-13T09:30:32","date_gmt":"2016-04-13T07:30:32","guid":{"rendered":"http:\/\/wanderclub-siegburg.de\/?page_id=20"},"modified":"2022-11-27T16:50:22","modified_gmt":"2022-11-27T15:50:22","slug":"ueber-mich","status":"publish","type":"page","link":"http:\/\/wanderclub-siegburg.de\/?page_id=20","title":{"rendered":"\u00dcber Mich"},"content":{"rendered":"<p>Hallo,\u00a0\u00a0 mein Name ist <strong>Marianne Treder,<\/strong> ich bin zertifizierte Wander-, Natur und Landschaftsf\u00fchrerin, wandere seit 17Jahren regelm\u00e4\u00dfig und habe den <strong>Wanderclub Siegburg im M\u00e4rz 2016 gegr\u00fcndet<\/strong>.<\/p>\n<p>Wandern begeistert mich immer mehr.\u00a0 Die Natur in ihren vielseitigen Facetten erleben, die Jahreszeiten intensiv zu sp\u00fcren.\u00a0 Hier werden alle Sinne angesprochen.\u00a0 K\u00f6rperliches Training, seelischer Ausgleich und geselliges Miteinander findet hier ebenso statt. <strong>Ich lade Dich herzlich\u00a0 zu einer\u00a0 kostenlosen\u00a0 Wanderung ein. Melde dich bitte vorher an : mail@<\/strong><strong>wanderclub-siegburg.de<\/strong><\/p>\n<p>\u00a0<\/p>\n<p style=\"text-align: left;\"><strong>Wandern ist ein optimales Hobby.<\/strong> Raus in die Natur, rein ins Erleben. Wandern ist Sport und Entspannung, Wandern ist unbeschwertes Leben, Entfaltung der Sinne, Begegnung und Freiheit und&#8230;<\/p>\n<p class=\"hide-if-no-js\"><a id=\"set-post-thumbnail\" class=\"thickbox\" href=\"http:\/\/wanderclub-siegburg.de\/wp-admin\/media-upload.php?post_id=20&amp;type=image&amp;TB_iframe=1\" aria-describedby=\"set-post-thumbnail-desc\"><img loading=\"lazy\" decoding=\"async\" class=\"attachment-post-thumbnail size-post-thumbnail\" src=\"http:\/\/wanderclub-siegburg.de\/wp-content\/uploads\/2018\/12\/Smartphon-August-2017-054-604x270.jpg\" alt=\"\" width=\"604\" height=\"270\" \/><\/a><\/p>\n<p style=\"text-align: left;\">Deutschland ist ein Wandertraum.<\/p>\n<p>\u00a0<\/p>\n<p style=\"text-align: left;\">\u00a0<\/p>\n\n\n<ul class=\"wp-block-list\">\n<li><\/li>\n<\/ul>\n","protected":false},"excerpt":{"rendered":"<p>Hallo,\u00a0\u00a0 mein Name ist Marianne Treder, ich bin zertifizierte Wander-, Natur und Landschaftsf\u00fchrerin, wandere seit 17Jahren regelm\u00e4\u00dfig und habe den Wanderclub Siegburg im M\u00e4rz 2016 gegr\u00fcndet. Wandern begeistert mich immer mehr.\u00a0 Die Natur in ihren vielseitigen Facetten erleben, die Jahreszeiten intensiv zu sp\u00fcren.\u00a0 Hier werden alle Sinne angesprochen.\u00a0 K\u00f6rperliches Training, seelischer Ausgleich und geselliges Miteinander &hellip; <a href=\"http:\/\/wanderclub-siegburg.de\/?page_id=20\" class=\"more-link\"><span class=\"screen-reader-text\">\u00dcber Mich<\/span> weiterlesen <span class=\"meta-nav\">&rarr;<\/span><\/a><\/p>\n","protected":false},"author":1,"featured_media":359,"parent":0,"menu_order":0,"comment_status":"closed","ping_status":"closed","template":"","meta":{"footnotes":""},"class_list":["post-20","page","type-page","status-publish","has-post-thumbnail","hentry"],"_links":{"self":[{"href":"http:\/\/wanderclub-siegburg.de\/index.php?rest_route=\/wp\/v2\/pages\/20","targetHints":{"allow":["GET"]}}],"collection":[{"href":"http:\/\/wanderclub-siegburg.de\/index.php?rest_route=\/wp\/v2\/pages"}],"about":[{"href":"http:\/\/wanderclub-siegburg.de\/index.php?rest_route=\/wp\/v2\/types\/page"}],"author":[{"embeddable":true,"href":"http:\/\/wanderclub-siegburg.de\/index.php?rest_route=\/wp\/v2\/users\/1"}],"replies":[{"embeddable":true,"href":"http:\/\/wanderclub-siegburg.de\/index.php?rest_route=%2Fwp%2Fv2%2Fcomments&post=20"}],"version-history":[{"count":29,"href":"http:\/\/wanderclub-siegburg.de\/index.php?rest_route=\/wp\/v2\/pages\/20\/revisions"}],"predecessor-version":[{"id":571,"href":"http:\/\/wanderclub-siegburg.de\/index.php?rest_route=\/wp\/v2\/pages\/20\/revisions\/571"}],"wp:featuredmedia":[{"embeddable":true,"href":"http:\/\/wanderclub-siegburg.de\/index.php?rest_route=\/wp\/v2\/media\/359"}],"wp:attachment":[{"href":"http:\/\/wanderclub-siegburg.de\/index.php?rest_route=%2Fwp%2Fv2%2Fmedia&parent=20"}],"curies":[{"name":"wp","href":"https:\/\/api.w.org\/{rel}","templated":true}]}}